{"id":408,"date":"2023-06-26T12:11:05","date_gmt":"2023-06-26T12:11:05","guid":{"rendered":"https:\/\/komindebedsteewinterswijk.nl\/?page_id=408"},"modified":"2023-06-26T12:20:44","modified_gmt":"2023-06-26T12:20:44","slug":"activiteiten","status":"publish","type":"page","link":"https:\/\/komindebedsteewinterswijk.nl\/de\/activiteiten\/","title":{"rendered":"Aktivit\u00e4ten"},"content":{"rendered":"<div data-elementor-type=\"wp-page\" data-elementor-id=\"408\" class=\"elementor elementor-408\">\n\t\t\t\t\t\t<div class=\"elementor-section elementor-top-section elementor-element elementor-element-258be7bd elementor-section-boxed elementor-section-height-default elementor-section-height-default\" data-id=\"258be7bd\" data-element_type=\"section\" data-e-type=\"section\" data-settings=\"{&quot;background_background&quot;:&quot;classic&quot;}\">\n\t\t\t\t\t\t<div class=\"elementor-container elementor-column-gap-no\">\n\t\t\t\t\t<div class=\"elementor-column elementor-col-100 elementor-top-column elementor-element elementor-element-1bbe7a7d\" data-id=\"1bbe7a7d\" data-element_type=\"column\" data-e-type=\"column\">\n\t\t\t<div class=\"elementor-widget-wrap elementor-element-populated\">\n\t\t\t\t\t\t<div class=\"elementor-element elementor-element-2f430cfc elementor-widget elementor-widget-heading\" data-id=\"2f430cfc\" data-element_type=\"widget\" data-e-type=\"widget\" data-widget_type=\"heading.default\">\n\t\t\t\t<div class=\"elementor-widget-container\">\n\t\t\t\t\t<h1 class=\"elementor-heading-title elementor-size-default\">Aktivit\u00e4ten<\/h1>\t\t\t\t<\/div>\n\t\t\t\t<\/div>\n\t\t\t\t<div class=\"elementor-element elementor-element-54afb6f4 elementor-widget__width-initial elementor-widget-tablet__width-initial elementor-widget-mobile__width-inherit elementor-widget elementor-widget-text-editor\" data-id=\"54afb6f4\" data-element_type=\"widget\" data-e-type=\"widget\" data-widget_type=\"text-editor.default\">\n\t\t\t\t<div class=\"elementor-widget-container\">\n\t\t\t\t\t\t\t\t\t<p>In der Gruppenunterkunft Kom in de Bedstee im Achterhoek wird es Ihnen nie langweilig. In der Umgebung unserer Gruppenunterkunft gibt es viel zu erleben und zu sehen. Hier finden Sie eine \u00dcbersicht der besten Aktivit\u00e4ten f\u00fcr Kinder &amp; Erwachsene, Restaurants, Verleiher und vieles mehr! Sie werden auf eine andere Website weitergeleitet.<\/p>\t\t\t\t\t\t\t\t<\/div>\n\t\t\t\t<\/div>\n\t\t\t\t<section class=\"elementor-section elementor-inner-section elementor-element elementor-element-64b34d3 elementor-section-boxed elementor-section-height-default elementor-section-height-default\" data-id=\"64b34d3\" data-element_type=\"section\" data-e-type=\"section\">\n\t\t\t\t\t\t<div class=\"elementor-container elementor-column-gap-no\">\n\t\t\t\t\t<div class=\"elementor-column elementor-col-100 elementor-inner-column elementor-element elementor-element-3b83d8fd\" data-id=\"3b83d8fd\" data-element_type=\"column\" data-e-type=\"column\">\n\t\t\t<div class=\"elementor-widget-wrap elementor-element-populated\">\n\t\t\t\t\t\t<div class=\"elementor-element elementor-element-ba96039 elementor-widget__width-initial elementor-widget-mobile__width-inherit bdt-icon-type-image bdt-global-link-yes elementor-position-top bdt-icon-effect-none elementor-widget elementor-widget-bdt-advanced-icon-box\" data-id=\"ba96039\" data-element_type=\"widget\" data-e-type=\"widget\" data-widget_type=\"bdt-advanced-icon-box.default\">\n\t\t\t\t<div class=\"elementor-widget-container\">\n\t\t\t\t\t\t\t<div class=\"bdt-ep-advanced-icon-box\" onclick=\"window.open(&#039;https:\/\/komindebedsteeuniek.com\/category\/cafes-restaurants\/&#039;, &#039;_self&#039;)\">\n\n\t\t\t\t\t\t\t\n\t\t\t\t\t<div class=\"bdt-ep-advanced-icon-box-icon\">\n\t\t\t\t<span class=\"bdt-ep-advanced-icon-box-icon-wrap\">\n\n\n\t\t\t\t\t<img fetchpriority=\"high\" decoding=\"async\" width=\"1200\" height=\"800\" src=\"https:\/\/komindebedsteewinterswijk.nl\/wp-content\/uploads\/2023\/06\/home_9.jpg\" class=\"attachment-full size-full\" alt=\"Cafes en Restaurants\" srcset=\"https:\/\/komindebedsteewinterswijk.nl\/wp-content\/uploads\/2023\/06\/home_9.jpg 1200w, https:\/\/komindebedsteewinterswijk.nl\/wp-content\/uploads\/2023\/06\/home_9-300x200.jpg 300w, https:\/\/komindebedsteewinterswijk.nl\/wp-content\/uploads\/2023\/06\/home_9-1024x683.jpg 1024w, https:\/\/komindebedsteewinterswijk.nl\/wp-content\/uploads\/2023\/06\/home_9-768x512.jpg 768w, https:\/\/komindebedsteewinterswijk.nl\/wp-content\/uploads\/2023\/06\/home_9-650x433.jpg 650w\" sizes=\"(max-width: 1200px) 100vw, 1200px\" \/>\t\t\t\t<\/span>\n\t\t\t<\/div>\n\t\t\n\t\t\t\t\n\t\t\t<div class=\"bdt-ep-advanced-icon-box-content\">\n\n\t\t\t\t\t\t\t\t\t\n\t\t\t\t\t<h4 class=\"bdt-ep-advanced-icon-box-title\">\n\t\t\t\t<span >\n\t\t\t\t\tCaf\u00e9s und Restaurants\t\t\t\t<\/span>\n\t\t\t<\/h4>\n\t\t\n\n\t\t\n\t\t\t\t\t\n\t\t\t\t\n\t\t\t\t\n\t\t\t\t\t\t\t<\/div>\n\t\t<\/div>\n\n\t\t\n\t\t\n\t\t\t\t<\/div>\n\t\t\t\t<\/div>\n\t\t\t\t<div class=\"elementor-element elementor-element-646cbc4 elementor-widget__width-initial elementor-widget-mobile__width-inherit bdt-icon-type-image bdt-global-link-yes elementor-position-top bdt-icon-effect-none elementor-widget elementor-widget-bdt-advanced-icon-box\" data-id=\"646cbc4\" data-element_type=\"widget\" data-e-type=\"widget\" data-widget_type=\"bdt-advanced-icon-box.default\">\n\t\t\t\t<div class=\"elementor-widget-container\">\n\t\t\t\t\t\t\t<div class=\"bdt-ep-advanced-icon-box\" onclick=\"window.open(&#039;https:\/\/komindebedsteeuniek.com\/category\/kinder-en-groepsactiviteiten\/&#039;, &#039;_self&#039;)\">\n\n\t\t\t\t\t\t\t\n\t\t\t\t\t<div class=\"bdt-ep-advanced-icon-box-icon\">\n\t\t\t\t<span class=\"bdt-ep-advanced-icon-box-icon-wrap\">\n\n\n\t\t\t\t\t<img decoding=\"async\" width=\"1514\" height=\"900\" src=\"https:\/\/komindebedsteewinterswijk.nl\/wp-content\/uploads\/2023\/06\/download-2.jpeg\" class=\"attachment-full size-full\" alt=\"Kinder- en Groepsactiviteiten\" srcset=\"https:\/\/komindebedsteewinterswijk.nl\/wp-content\/uploads\/2023\/06\/download-2.jpeg 1514w, https:\/\/komindebedsteewinterswijk.nl\/wp-content\/uploads\/2023\/06\/download-2-300x178.jpeg 300w, https:\/\/komindebedsteewinterswijk.nl\/wp-content\/uploads\/2023\/06\/download-2-1024x609.jpeg 1024w, https:\/\/komindebedsteewinterswijk.nl\/wp-content\/uploads\/2023\/06\/download-2-768x457.jpeg 768w, https:\/\/komindebedsteewinterswijk.nl\/wp-content\/uploads\/2023\/06\/download-2-650x386.jpeg 650w\" sizes=\"(max-width: 1514px) 100vw, 1514px\" \/>\t\t\t\t<\/span>\n\t\t\t<\/div>\n\t\t\n\t\t\t\t\n\t\t\t<div class=\"bdt-ep-advanced-icon-box-content\">\n\n\t\t\t\t\t\t\t\t\t\n\t\t\t\t\t<h4 class=\"bdt-ep-advanced-icon-box-title\">\n\t\t\t\t<span >\n\t\t\t\t\tKinder- und Gruppenaktivit\u00e4ten\t\t\t\t<\/span>\n\t\t\t<\/h4>\n\t\t\n\n\t\t\n\t\t\t\t\t\n\t\t\t\t\n\t\t\t\t\n\t\t\t\t\t\t\t<\/div>\n\t\t<\/div>\n\n\t\t\n\t\t\n\t\t\t\t<\/div>\n\t\t\t\t<\/div>\n\t\t\t\t<div class=\"elementor-element elementor-element-2505419 elementor-widget__width-initial elementor-widget-mobile__width-inherit bdt-icon-type-image bdt-global-link-yes elementor-position-top bdt-icon-effect-none elementor-widget elementor-widget-bdt-advanced-icon-box\" data-id=\"2505419\" data-element_type=\"widget\" data-e-type=\"widget\" data-widget_type=\"bdt-advanced-icon-box.default\">\n\t\t\t\t<div class=\"elementor-widget-container\">\n\t\t\t\t\t\t\t<div class=\"bdt-ep-advanced-icon-box\" onclick=\"window.open(&#039;https:\/\/komindebedsteeuniek.com\/category\/verhuurbedrijven\/&#039;, &#039;_blank&#039;)\">\n\n\t\t\t\t\t\t\t\n\t\t\t\t\t<div class=\"bdt-ep-advanced-icon-box-icon\">\n\t\t\t\t<span class=\"bdt-ep-advanced-icon-box-icon-wrap\">\n\n\n\t\t\t\t\t<img decoding=\"async\" width=\"928\" height=\"620\" src=\"https:\/\/komindebedsteewinterswijk.nl\/wp-content\/uploads\/2023\/06\/26-scooter-1.jpg\" class=\"attachment-full size-full\" alt=\"Verhuurbedrijven\" srcset=\"https:\/\/komindebedsteewinterswijk.nl\/wp-content\/uploads\/2023\/06\/26-scooter-1.jpg 928w, https:\/\/komindebedsteewinterswijk.nl\/wp-content\/uploads\/2023\/06\/26-scooter-1-300x200.jpg 300w, https:\/\/komindebedsteewinterswijk.nl\/wp-content\/uploads\/2023\/06\/26-scooter-1-768x513.jpg 768w, https:\/\/komindebedsteewinterswijk.nl\/wp-content\/uploads\/2023\/06\/26-scooter-1-650x434.jpg 650w\" sizes=\"(max-width: 928px) 100vw, 928px\" \/>\t\t\t\t<\/span>\n\t\t\t<\/div>\n\t\t\n\t\t\t\t\n\t\t\t<div class=\"bdt-ep-advanced-icon-box-content\">\n\n\t\t\t\t\t\t\t\t\t\n\t\t\t\t\t<h4 class=\"bdt-ep-advanced-icon-box-title\">\n\t\t\t\t<span >\n\t\t\t\t\tVermietungsunternehmen\t\t\t\t<\/span>\n\t\t\t<\/h4>\n\t\t\n\n\t\t\n\t\t\t\t\t\n\t\t\t\t\n\t\t\t\t\n\t\t\t\t\t\t\t<\/div>\n\t\t<\/div>\n\n\t\t\n\t\t\n\t\t\t\t<\/div>\n\t\t\t\t<\/div>\n\t\t\t\t<div class=\"elementor-element elementor-element-1128e56 elementor-widget__width-initial elementor-widget-mobile__width-inherit bdt-icon-type-image bdt-global-link-yes elementor-position-top bdt-icon-effect-none elementor-widget elementor-widget-bdt-advanced-icon-box\" data-id=\"1128e56\" data-element_type=\"widget\" data-e-type=\"widget\" data-widget_type=\"bdt-advanced-icon-box.default\">\n\t\t\t\t<div class=\"elementor-widget-container\">\n\t\t\t\t\t\t\t<div class=\"bdt-ep-advanced-icon-box\" onclick=\"window.open(&#039;https:\/\/komindebedsteeuniek.com\/category\/zwembaden-recreatieplassen\/&#039;, &#039;_blank&#039;)\">\n\n\t\t\t\t\t\t\t\n\t\t\t\t\t<div class=\"bdt-ep-advanced-icon-box-icon\">\n\t\t\t\t<span class=\"bdt-ep-advanced-icon-box-icon-wrap\">\n\n\n\t\t\t\t\t<img loading=\"lazy\" decoding=\"async\" width=\"1920\" height=\"1280\" src=\"https:\/\/komindebedsteewinterswijk.nl\/wp-content\/uploads\/2023\/06\/MG_5738-1920x1280-1.webp\" class=\"attachment-full size-full\" alt=\"Zwembaden en Waterpret\" srcset=\"https:\/\/komindebedsteewinterswijk.nl\/wp-content\/uploads\/2023\/06\/MG_5738-1920x1280-1.webp 1920w, https:\/\/komindebedsteewinterswijk.nl\/wp-content\/uploads\/2023\/06\/MG_5738-1920x1280-1-300x200.webp 300w, https:\/\/komindebedsteewinterswijk.nl\/wp-content\/uploads\/2023\/06\/MG_5738-1920x1280-1-1024x683.webp 1024w, https:\/\/komindebedsteewinterswijk.nl\/wp-content\/uploads\/2023\/06\/MG_5738-1920x1280-1-768x512.webp 768w, https:\/\/komindebedsteewinterswijk.nl\/wp-content\/uploads\/2023\/06\/MG_5738-1920x1280-1-1536x1024.webp 1536w, https:\/\/komindebedsteewinterswijk.nl\/wp-content\/uploads\/2023\/06\/MG_5738-1920x1280-1-650x433.webp 650w\" sizes=\"(max-width: 1920px) 100vw, 1920px\" \/>\t\t\t\t<\/span>\n\t\t\t<\/div>\n\t\t\n\t\t\t\t\n\t\t\t<div class=\"bdt-ep-advanced-icon-box-content\">\n\n\t\t\t\t\t\t\t\t\t\n\t\t\t\t\t<h4 class=\"bdt-ep-advanced-icon-box-title\">\n\t\t\t\t<span >\n\t\t\t\t\tSchwimmb\u00e4der und Wasserspa\u00df\t\t\t\t<\/span>\n\t\t\t<\/h4>\n\t\t\n\n\t\t\n\t\t\t\t\t\n\t\t\t\t\n\t\t\t\t\n\t\t\t\t\t\t\t<\/div>\n\t\t<\/div>\n\n\t\t\n\t\t\n\t\t\t\t<\/div>\n\t\t\t\t<\/div>\n\t\t\t\t<div class=\"elementor-element elementor-element-3770821 elementor-widget__width-initial elementor-widget-mobile__width-inherit bdt-icon-type-image bdt-global-link-yes elementor-position-top bdt-icon-effect-none elementor-widget elementor-widget-bdt-advanced-icon-box\" data-id=\"3770821\" data-element_type=\"widget\" data-e-type=\"widget\" data-widget_type=\"bdt-advanced-icon-box.default\">\n\t\t\t\t<div class=\"elementor-widget-container\">\n\t\t\t\t\t\t\t<div class=\"bdt-ep-advanced-icon-box\" onclick=\"window.open(&#039;https:\/\/komindebedsteeuniek.com\/category\/fietsen-wandelen\/&#039;, &#039;_blank&#039;)\">\n\n\t\t\t\t\t\t\t\n\t\t\t\t\t<div class=\"bdt-ep-advanced-icon-box-icon\">\n\t\t\t\t<span class=\"bdt-ep-advanced-icon-box-icon-wrap\">\n\n\n\t\t\t\t\t<img loading=\"lazy\" decoding=\"async\" width=\"1620\" height=\"1080\" src=\"https:\/\/komindebedsteewinterswijk.nl\/wp-content\/uploads\/2023\/06\/a4d460c05ca7f8558c9490be43cce09883853ebd_large.jpg\" class=\"attachment-full size-full\" alt=\"Fietsen en Wandelen\" srcset=\"https:\/\/komindebedsteewinterswijk.nl\/wp-content\/uploads\/2023\/06\/a4d460c05ca7f8558c9490be43cce09883853ebd_large.jpg 1620w, https:\/\/komindebedsteewinterswijk.nl\/wp-content\/uploads\/2023\/06\/a4d460c05ca7f8558c9490be43cce09883853ebd_large-300x200.jpg 300w, https:\/\/komindebedsteewinterswijk.nl\/wp-content\/uploads\/2023\/06\/a4d460c05ca7f8558c9490be43cce09883853ebd_large-1024x683.jpg 1024w, https:\/\/komindebedsteewinterswijk.nl\/wp-content\/uploads\/2023\/06\/a4d460c05ca7f8558c9490be43cce09883853ebd_large-768x512.jpg 768w, https:\/\/komindebedsteewinterswijk.nl\/wp-content\/uploads\/2023\/06\/a4d460c05ca7f8558c9490be43cce09883853ebd_large-1536x1024.jpg 1536w, https:\/\/komindebedsteewinterswijk.nl\/wp-content\/uploads\/2023\/06\/a4d460c05ca7f8558c9490be43cce09883853ebd_large-650x433.jpg 650w\" sizes=\"(max-width: 1620px) 100vw, 1620px\" \/>\t\t\t\t<\/span>\n\t\t\t<\/div>\n\t\t\n\t\t\t\t\n\t\t\t<div class=\"bdt-ep-advanced-icon-box-content\">\n\n\t\t\t\t\t\t\t\t\t\n\t\t\t\t\t<h4 class=\"bdt-ep-advanced-icon-box-title\">\n\t\t\t\t<span >\n\t\t\t\t\tRadfahren und Wandern\t\t\t\t<\/span>\n\t\t\t<\/h4>\n\t\t\n\n\t\t\n\t\t\t\t\t\n\t\t\t\t\n\t\t\t\t\n\t\t\t\t\t\t\t<\/div>\n\t\t<\/div>\n\n\t\t\n\t\t\n\t\t\t\t<\/div>\n\t\t\t\t<\/div>\n\t\t\t\t<div class=\"elementor-element elementor-element-740c81a elementor-widget__width-initial elementor-widget-mobile__width-inherit bdt-icon-type-image bdt-global-link-yes elementor-position-top bdt-icon-effect-none elementor-widget elementor-widget-bdt-advanced-icon-box\" data-id=\"740c81a\" data-element_type=\"widget\" data-e-type=\"widget\" data-widget_type=\"bdt-advanced-icon-box.default\">\n\t\t\t\t<div class=\"elementor-widget-container\">\n\t\t\t\t\t\t\t<div class=\"bdt-ep-advanced-icon-box\" onclick=\"window.open(&#039;https:\/\/komindebedsteeuniek.com\/category\/musea\/&#039;, &#039;_blank&#039;)\">\n\n\t\t\t\t\t\t\t\n\t\t\t\t\t<div class=\"bdt-ep-advanced-icon-box-icon\">\n\t\t\t\t<span class=\"bdt-ep-advanced-icon-box-icon-wrap\">\n\n\n\t\t\t\t\t<img loading=\"lazy\" decoding=\"async\" width=\"2560\" height=\"1627\" src=\"https:\/\/komindebedsteewinterswijk.nl\/wp-content\/uploads\/2023\/06\/Erve-Kots-scaled-1.jpeg\" class=\"attachment-full size-full\" alt=\"Musea\" srcset=\"https:\/\/komindebedsteewinterswijk.nl\/wp-content\/uploads\/2023\/06\/Erve-Kots-scaled-1.jpeg 2560w, https:\/\/komindebedsteewinterswijk.nl\/wp-content\/uploads\/2023\/06\/Erve-Kots-scaled-1-300x191.jpeg 300w, https:\/\/komindebedsteewinterswijk.nl\/wp-content\/uploads\/2023\/06\/Erve-Kots-scaled-1-1024x651.jpeg 1024w, https:\/\/komindebedsteewinterswijk.nl\/wp-content\/uploads\/2023\/06\/Erve-Kots-scaled-1-768x488.jpeg 768w, https:\/\/komindebedsteewinterswijk.nl\/wp-content\/uploads\/2023\/06\/Erve-Kots-scaled-1-1536x976.jpeg 1536w, https:\/\/komindebedsteewinterswijk.nl\/wp-content\/uploads\/2023\/06\/Erve-Kots-scaled-1-2048x1302.jpeg 2048w, https:\/\/komindebedsteewinterswijk.nl\/wp-content\/uploads\/2023\/06\/Erve-Kots-scaled-1-650x413.jpeg 650w\" sizes=\"(max-width: 2560px) 100vw, 2560px\" \/>\t\t\t\t<\/span>\n\t\t\t<\/div>\n\t\t\n\t\t\t\t\n\t\t\t<div class=\"bdt-ep-advanced-icon-box-content\">\n\n\t\t\t\t\t\t\t\t\t\n\t\t\t\t\t<h4 class=\"bdt-ep-advanced-icon-box-title\">\n\t\t\t\t<span >\n\t\t\t\t\tMuseen\t\t\t\t<\/span>\n\t\t\t<\/h4>\n\t\t\n\n\t\t\n\t\t\t\t\t\n\t\t\t\t\n\t\t\t\t\n\t\t\t\t\t\t\t<\/div>\n\t\t<\/div>\n\n\t\t\n\t\t\n\t\t\t\t<\/div>\n\t\t\t\t<\/div>\n\t\t\t\t\t<\/div>\n\t\t<\/div>\n\t\t\t\t\t<\/div>\n\t\t<\/section>\n\t\t\t\t\t<\/div>\n\t\t<\/div>\n\t\t\t\t\t<\/div>\n\t\t<\/div>\n\t\t\t\t<\/div>","protected":false},"excerpt":{"rendered":"<p>Activiteiten U hoeft zich nooit te vervelen bij groepsaccommodatie Kom in de Bedstee in de Achterhoek. In de omgeving van onze groepsaccommodatie [&hellip;]<\/p>\n","protected":false},"author":1,"featured_media":0,"parent":0,"menu_order":0,"comment_status":"closed","ping_status":"closed","template":"","meta":{"footnotes":""},"class_list":["post-408","page","type-page","status-publish","hentry"],"aioseo_notices":[],"_links":{"self":[{"href":"https:\/\/komindebedsteewinterswijk.nl\/de\/wp-json\/wp\/v2\/pages\/408","targetHints":{"allow":["GET"]}}],"collection":[{"href":"https:\/\/komindebedsteewinterswijk.nl\/de\/wp-json\/wp\/v2\/pages"}],"about":[{"href":"https:\/\/komindebedsteewinterswijk.nl\/de\/wp-json\/wp\/v2\/types\/page"}],"author":[{"embeddable":true,"href":"https:\/\/komindebedsteewinterswijk.nl\/de\/wp-json\/wp\/v2\/users\/1"}],"replies":[{"embeddable":true,"href":"https:\/\/komindebedsteewinterswijk.nl\/de\/wp-json\/wp\/v2\/comments?post=408"}],"version-history":[{"count":13,"href":"https:\/\/komindebedsteewinterswijk.nl\/de\/wp-json\/wp\/v2\/pages\/408\/revisions"}],"predecessor-version":[{"id":434,"href":"https:\/\/komindebedsteewinterswijk.nl\/de\/wp-json\/wp\/v2\/pages\/408\/revisions\/434"}],"wp:attachment":[{"href":"https:\/\/komindebedsteewinterswijk.nl\/de\/wp-json\/wp\/v2\/media?parent=408"}],"curies":[{"name":"wp","href":"https:\/\/api.w.org\/{rel}","templated":true}]}}